{"id":14,"date":"2021-08-25T14:51:40","date_gmt":"2021-08-25T19:51:40","guid":{"rendered":"https:\/\/diegothomsonedu.com\/?page_id=14"},"modified":"2023-10-17T22:50:12","modified_gmt":"2023-10-18T03:50:12","slug":"nosotros","status":"publish","type":"page","link":"https:\/\/diegothomsonedu.com\/?page_id=14","title":{"rendered":"Nosotros"},"content":{"rendered":"\t\t<div data-elementor-type=\"wp-page\" data-elementor-id=\"14\" class=\"elementor elementor-14\" data-elementor-settings=\"[]\">\n\t\t\t\t\t\t\t<div class=\"elementor-section-wrap\">\n\t\t\t\t\t\t\t<section class=\"elementor-section elementor-top-section elementor-element elementor-element-95c98f1 elementor-section-boxed elementor-section-height-default elementor-section-height-default\" data-id=\"95c98f1\" data-element_type=\"section\">\n\t\t\t\t\t\t<div class=\"elementor-container elementor-column-gap-default\">\n\t\t\t\t\t<div class=\"elementor-column elementor-col-100 elementor-top-column elementor-element elementor-element-45ff73f\" data-id=\"45ff73f\" data-element_type=\"column\">\n\t\t\t<div class=\"elementor-widget-wrap elementor-element-populated\">\n\t\t\t\t\t\t\t\t<div class=\"elementor-element elementor-element-3f197bc elementor-widget elementor-widget-image\" data-id=\"3f197bc\" data-element_type=\"widget\" data-widget_type=\"image.default\">\n\t\t\t\t<div class=\"elementor-widget-container\">\n\t\t\t\t\t\t\t\t\t\t\t\t\t\t\t<img decoding=\"async\" src=\"https:\/\/diegothomsonedu.com\/wp-content\/uploads\/elementor\/thumbs\/1fot-pc5lp08zu11n7xmlco451do31yeq3k82sx6vxx3sgg.jpg\" title=\"1fot\" alt=\"1fot\" \/>\t\t\t\t\t\t\t\t\t\t\t\t\t\t\t<\/div>\n\t\t\t\t<\/div>\n\t\t\t\t\t<\/div>\n\t\t<\/div>\n\t\t\t\t\t\t\t<\/div>\n\t\t<\/section>\n\t\t\t\t<section class=\"elementor-section elementor-top-section elementor-element elementor-element-8fc4e8a elementor-section-boxed elementor-section-height-default elementor-section-height-default\" data-id=\"8fc4e8a\" data-element_type=\"section\">\n\t\t\t\t\t\t<div class=\"elementor-container elementor-column-gap-default\">\n\t\t\t\t\t<div class=\"elementor-column elementor-col-100 elementor-top-column elementor-element elementor-element-4260158\" data-id=\"4260158\" data-element_type=\"column\">\n\t\t\t<div class=\"elementor-widget-wrap elementor-element-populated\">\n\t\t\t\t\t\t\t\t<div class=\"elementor-element elementor-element-6c67584 elementor-widget elementor-widget-heading\" data-id=\"6c67584\" data-element_type=\"widget\" data-widget_type=\"heading.default\">\n\t\t\t\t<div class=\"elementor-widget-container\">\n\t\t\t<h2 class=\"elementor-heading-title elementor-size-default\">NOSOSTROS<\/h2>\t\t<\/div>\n\t\t\t\t<\/div>\n\t\t\t\t\t<\/div>\n\t\t<\/div>\n\t\t\t\t\t\t\t<\/div>\n\t\t<\/section>\n\t\t\t\t<section class=\"elementor-section elementor-top-section elementor-element elementor-element-d7be427 elementor-section-boxed elementor-section-height-default elementor-section-height-default\" data-id=\"d7be427\" data-element_type=\"section\">\n\t\t\t\t\t\t<div class=\"elementor-container elementor-column-gap-default\">\n\t\t\t\t\t<div class=\"elementor-column elementor-col-50 elementor-top-column elementor-element elementor-element-921f1c2\" data-id=\"921f1c2\" data-element_type=\"column\">\n\t\t\t<div class=\"elementor-widget-wrap elementor-element-populated\">\n\t\t\t\t\t\t\t\t<div class=\"elementor-element elementor-element-3034aaf elementor-widget elementor-widget-text-editor\" data-id=\"3034aaf\" data-element_type=\"widget\" data-widget_type=\"text-editor.default\">\n\t\t\t\t<div class=\"elementor-widget-container\">\n\t\t\t\t\t\t\t<p><span style=\"font-weight: 400;\">Somos una instituci\u00f3n educativa privada con 17 a\u00f1os de experiencia en el rubro de la ense\u00f1anza y formaci\u00f3n escolar de nuestros estudiantes.<\/span><\/p><p><span style=\"font-weight: 400;\">Adem\u00e1s de impartir conocimientos y valores, nos preocupamos por el desarrollo humano, es por ello que nuestro m\u00e9todo de ense\u00f1anza mantiene los st\u00e1ndares educativos adem\u00e1s de nuestra constante actualizaci\u00f3n.<\/span><\/p><p><span style=\"font-weight: 400;\">Es por ello que nos basamos en una ense\u00f1anza personalizada en tiempos de virtualidad, con clases efectivas en post de un aprendizaje \u00f3ptimo y pre universitario en los niveles inicial, primaria y secundaria.\u00a0<\/span><\/p>\t\t\t\t\t\t<\/div>\n\t\t\t\t<\/div>\n\t\t\t\t\t<\/div>\n\t\t<\/div>\n\t\t\t\t<div class=\"elementor-column elementor-col-50 elementor-top-column elementor-element elementor-element-6fef54b\" data-id=\"6fef54b\" data-element_type=\"column\">\n\t\t\t<div class=\"elementor-widget-wrap elementor-element-populated\">\n\t\t\t\t\t\t\t\t<div class=\"elementor-element elementor-element-83476b7 elementor-widget elementor-widget-accordion\" data-id=\"83476b7\" data-element_type=\"widget\" data-widget_type=\"accordion.default\">\n\t\t\t\t<div class=\"elementor-widget-container\">\n\t\t\t\t\t<div class=\"elementor-accordion\" role=\"tablist\">\n\t\t\t\t\t\t\t<div class=\"elementor-accordion-item\">\n\t\t\t\t\t<div id=\"elementor-tab-title-1371\" class=\"elementor-tab-title\" data-tab=\"1\" role=\"tab\" aria-controls=\"elementor-tab-content-1371\" aria-expanded=\"false\">\n\t\t\t\t\t\t\t\t\t\t\t\t\t<span class=\"elementor-accordion-icon elementor-accordion-icon-left\" aria-hidden=\"true\">\n\t\t\t\t\t\t\t\t\t\t\t\t\t\t\t<span class=\"elementor-accordion-icon-closed\"><i class=\"fas fa-plus\"><\/i><\/span>\n\t\t\t\t\t\t\t\t<span class=\"elementor-accordion-icon-opened\"><i class=\"fas fa-minus\"><\/i><\/span>\n\t\t\t\t\t\t\t\t\t\t\t\t\t\t<\/span>\n\t\t\t\t\t\t\t\t\t\t\t\t<a class=\"elementor-accordion-title\" href=\"\">OBJETIVOS<\/a>\n\t\t\t\t\t<\/div>\n\t\t\t\t\t<div id=\"elementor-tab-content-1371\" class=\"elementor-tab-content elementor-clearfix\" data-tab=\"1\" role=\"tabpanel\" aria-labelledby=\"elementor-tab-title-1371\"><p dir=\"ltr\" style=\"line-height: 1.9200000000000004; background-color: #ffffff; margin-top: 12pt; margin-bottom: 0pt; padding: 0pt 0pt 12pt;\"><span style=\"font-size: 12pt; font-family: Arial; color: #6c6969; background-color: transparent; font-weight: bold; font-style: normal; font-variant-ligatures: normal; font-variant-caps: normal; font-variant-east-asian: normal; font-variant-position: normal; text-decoration: none; vertical-align: baseline; white-space: pre-wrap;\">A) \u00a0 Generales:<\/span><\/p><p dir=\"ltr\" style=\"line-height: 1.9200000000000004; background-color: #ffffff; margin-top: 0pt; margin-bottom: 0pt; padding: 0pt 0pt 12pt;\"><span style=\"font-size: 12pt; font-family: Arial; color: #6c6969; background-color: transparent; font-weight: 400; font-style: normal; font-variant-ligatures: normal; font-variant-caps: normal; font-variant-east-asian: normal; font-variant-position: normal; text-decoration: none; vertical-align: baseline; white-space: pre-wrap;\">\u00a01.- Mantener una educaci\u00f3n de calidad en los niveles de inicial, primaria y<\/span><\/p><p dir=\"ltr\" style=\"line-height: 1.9200000000000004; background-color: #ffffff; margin-top: 0pt; margin-bottom: 0pt; padding: 0pt 0pt 12pt;\"><span style=\"font-size: 12pt; font-family: Arial; color: #6c6969; background-color: transparent; font-weight: 400; font-style: normal; font-variant-ligatures: normal; font-variant-caps: normal; font-variant-east-asian: normal; font-variant-position: normal; text-decoration: none; vertical-align: baseline; white-space: pre-wrap;\">Secundaria que permita a los egresados enfrentar con \u00e9xito los estudios\u00a0<\/span><\/p><p dir=\"ltr\" style=\"line-height: 1.9200000000000004; background-color: #ffffff; margin-top: 0pt; margin-bottom: 0pt; padding: 0pt 0pt 12pt;\"><span style=\"font-size: 12pt; font-family: Arial; color: #6c6969; background-color: transparent; font-weight: 400; font-style: normal; font-variant-ligatures: normal; font-variant-caps: normal; font-variant-east-asian: normal; font-variant-position: normal; text-decoration: none; vertical-align: baseline; white-space: pre-wrap;\">\u00a0Superiores con una s\u00f3lida formaci\u00f3n moral.<\/span><\/p><p dir=\"ltr\" style=\"line-height: 1.9200000000000004; background-color: #ffffff; margin-top: 0pt; margin-bottom: 0pt; padding: 0pt 0pt 12pt;\"><span style=\"font-size: 12pt; font-family: Arial; color: #6c6969; background-color: transparent; font-weight: 400; font-style: normal; font-variant-ligatures: normal; font-variant-caps: normal; font-variant-east-asian: normal; font-variant-position: normal; text-decoration: none; vertical-align: baseline; white-space: pre-wrap;\">2.- Continuar formando alumnos capaces de construir sus aprendizajes versados en el uso de la l\u00f3gica matem\u00e1tica, inform\u00e1tica, con habito a la lectura, y un proyecto de vida definido, mentalidad emprendedora, creativa y productiva. Preparados para enfrentar con \u00e9xito los estudios superiores, adaptados a una sociedad abierta y en constante cambio.<\/span><\/p><p dir=\"ltr\" style=\"line-height: 1.9200000000000004; background-color: #ffffff; margin-top: 0pt; margin-bottom: 0pt; padding: 0pt 0pt 12pt;\"><span style=\"font-size: 12pt; font-family: Arial; color: #6c6969; background-color: transparent; font-weight: 400; font-style: normal; font-variant-ligatures: normal; font-variant-caps: normal; font-variant-east-asian: normal; font-variant-position: normal; text-decoration: none; vertical-align: baseline; white-space: pre-wrap;\">3.- Contar con personal docente que presente un perfil cient\u00edfico, t\u00e9cnico y Humano y que se ubique como los mejores del medio, identificados y Comprometidos con la misi\u00f3n y visi\u00f3n institucional. Abiertos al cambio, al di\u00e1logo y la capacitaci\u00f3n permanente con solida conducta moral, \u00e9ticay patri\u00f3tica, modelos de madurez emocional y equilibrio personal.<\/span><\/p><p dir=\"ltr\" style=\"line-height: 1.9200000000000004; background-color: #ffffff; margin-top: 0pt; margin-bottom: 0pt; padding: 0pt 0pt 12pt;\"><span style=\"font-size: 12pt; font-family: Arial; color: #6c6969; background-color: transparent; font-weight: 400; font-style: normal; font-variant-ligatures: normal; font-variant-caps: normal; font-variant-east-asian: normal; font-variant-position: normal; text-decoration: none; vertical-align: baseline; white-space: pre-wrap;\">4.- Mantener la participaci\u00f3n activa de los padres de familia.<\/span><\/p><p dir=\"ltr\" style=\"line-height: 1.9200000000000004; background-color: #ffffff; margin-top: 0pt; margin-bottom: 0pt; padding: 0pt 0pt 12pt;\"><span style=\"font-size: 12pt; font-family: Arial; color: #6c6969; background-color: transparent; font-weight: 400; font-style: normal; font-variant-ligatures: normal; font-variant-caps: normal; font-variant-east-asian: normal; font-variant-position: normal; text-decoration: none; vertical-align: baseline; white-space: pre-wrap;\">\u00a0\u00a0Comprometidos y dispuestos a trabajar en bien de sus hijos(as)<\/span><\/p><p dir=\"ltr\" style=\"line-height: 1.9200000000000004; background-color: #ffffff; margin-top: 0pt; margin-bottom: 0pt; padding: 0pt 0pt 12pt;\"><span style=\"font-size: 12pt; font-family: Arial; color: #6c6969; background-color: transparent; font-weight: 400; font-style: normal; font-variant-ligatures: normal; font-variant-caps: normal; font-variant-east-asian: normal; font-variant-position: normal; text-decoration: none; vertical-align: baseline; white-space: pre-wrap;\">\u00a0\u00a0Educ\u00e1ndolos para una sociedad justa, fraterna y solidaria.<\/span><\/p><p dir=\"ltr\" style=\"line-height: 1.38; background-color: #ffffff; margin-top: 0pt; margin-bottom: 12pt;\"><span style=\"font-size: 12pt; font-family: Roboto, sans-serif; color: #6c6969; background-color: transparent; font-weight: bold; font-style: normal; font-variant-ligatures: normal; font-variant-caps: normal; font-variant-east-asian: normal; font-variant-position: normal; text-decoration: none; vertical-align: baseline; white-space: pre-wrap;\">B) \u00a0 Espec\u00edficos:<\/span><\/p><p>\u00a0<\/p><ul style=\"margin-top: 0px; margin-bottom: 0px; padding-inline-start: 48px;\"><li dir=\"ltr\" style=\"list-style-type: disc; font-size: 12pt; font-family: Roboto, sans-serif; color: #6c6969; background-color: transparent; font-weight: 400; font-style: normal; font-variant-ligatures: normal; font-variant-caps: normal; font-variant-east-asian: normal; font-variant-position: normal; text-decoration: none; vertical-align: baseline; white-space: pre; margin-left: 54pt;\" aria-level=\"1\"><p dir=\"ltr\" style=\"line-height: 1.38; background-color: #ffffff; margin-top: 0pt; margin-bottom: 0pt;\" role=\"presentation\"><span style=\"font-size: 12pt; font-family: Roboto, sans-serif; color: #6c6969; background-color: transparent; font-weight: 400; font-style: normal; font-variant-ligatures: normal; font-variant-caps: normal; font-variant-east-asian: normal; font-variant-position: normal; text-decoration: none; vertical-align: baseline; white-space: pre-wrap;\">\u00a0\u00a0\u00a0\u00a0\u00a0\u00a0\u00a0\u00a0Propiciar un ambiente fraterno en el centro educativo, mediante practica de valores (lealtad, solidaridad, respeto, veracidad y justicia) respetando todas las creencias religiosas, responsabilidad y honestidad.<\/span><\/p><\/li><li dir=\"ltr\" style=\"list-style-type: disc; font-size: 12pt; font-family: Roboto, sans-serif; color: #6c6969; background-color: transparent; font-weight: 400; font-style: normal; font-variant-ligatures: normal; font-variant-caps: normal; font-variant-east-asian: normal; font-variant-position: normal; text-decoration: none; vertical-align: baseline; white-space: pre; margin-left: 54pt;\" aria-level=\"1\"><p dir=\"ltr\" style=\"line-height: 1.38; background-color: #ffffff; margin-top: 0pt; margin-bottom: 0pt;\" role=\"presentation\"><span style=\"font-size: 12pt; font-family: Roboto, sans-serif; color: #6c6969; background-color: transparent; font-weight: 400; font-style: normal; font-variant-ligatures: normal; font-variant-caps: normal; font-variant-east-asian: normal; font-variant-position: normal; text-decoration: none; vertical-align: baseline; white-space: pre-wrap;\">\u00a0\u00a0\u00a0\u00a0\u00a0\u00a0\u00a0\u00a0Desarrollar el curr\u00edculo de acuerdo a las necesidades y exigencias de los alumnos, empleando las nuevas corrientes pedag\u00f3gicas que permita integrarse de manera favorable a una sociedad competitiva, respondiendo a la l\u00ednea axiol\u00f3gica y el ideario institucional<\/span><\/p><\/li><li dir=\"ltr\" style=\"list-style-type: disc; font-size: 12pt; font-family: Roboto, sans-serif; color: #6c6969; background-color: transparent; font-weight: 400; font-style: normal; font-variant-ligatures: normal; font-variant-caps: normal; font-variant-east-asian: normal; font-variant-position: normal; text-decoration: none; vertical-align: baseline; white-space: pre; margin-left: 54pt;\" aria-level=\"1\"><p dir=\"ltr\" style=\"line-height: 1.38; background-color: #ffffff; margin-top: 0pt; margin-bottom: 0pt;\" role=\"presentation\"><span style=\"font-size: 12pt; font-family: Roboto, sans-serif; color: #6c6969; background-color: transparent; font-weight: 400; font-style: normal; font-variant-ligatures: normal; font-variant-caps: normal; font-variant-east-asian: normal; font-variant-position: normal; text-decoration: none; vertical-align: baseline; white-space: pre-wrap;\">\u00a0\u00a0\u00a0\u00a0\u00a0\u00a0\u00a0\u00a0Capacitar al docente de manera constante con did\u00e1ctica avanzada para lograr en los alumnos aprendizajes significativos.<\/span><\/p><\/li><li dir=\"ltr\" style=\"list-style-type: disc; font-size: 12pt; font-family: Roboto, sans-serif; color: #6c6969; background-color: transparent; font-weight: 400; font-style: normal; font-variant-ligatures: normal; font-variant-caps: normal; font-variant-east-asian: normal; font-variant-position: normal; text-decoration: none; vertical-align: baseline; white-space: pre; margin-left: 54pt;\" aria-level=\"1\"><p dir=\"ltr\" style=\"line-height: 1.38; background-color: #ffffff; margin-top: 0pt; margin-bottom: 0pt;\" role=\"presentation\"><span style=\"font-size: 12pt; font-family: Roboto, sans-serif; color: #6c6969; background-color: transparent; font-weight: 400; font-style: normal; font-variant-ligatures: normal; font-variant-caps: normal; font-variant-east-asian: normal; font-variant-position: normal; text-decoration: none; vertical-align: baseline; white-space: pre-wrap;\">\u00a0\u00a0\u00a0\u00a0\u00a0\u00a0\u00a0\u00a0Reflejar la formaci\u00f3n \u00e9tica, moral y profesional del docente en todo momento.<\/span><\/p><\/li><li dir=\"ltr\" style=\"list-style-type: disc; font-size: 12pt; font-family: Roboto, sans-serif; color: #6c6969; background-color: transparent; font-weight: 400; font-style: normal; font-variant-ligatures: normal; font-variant-caps: normal; font-variant-east-asian: normal; font-variant-position: normal; text-decoration: none; vertical-align: baseline; white-space: pre; margin-left: 54pt;\" aria-level=\"1\"><p dir=\"ltr\" style=\"line-height: 1.38; background-color: #ffffff; margin-top: 0pt; margin-bottom: 0pt;\" role=\"presentation\"><span style=\"font-size: 12pt; font-family: Roboto, sans-serif; color: #6c6969; background-color: transparent; font-weight: 400; font-style: normal; font-variant-ligatures: normal; font-variant-caps: normal; font-variant-east-asian: normal; font-variant-position: normal; text-decoration: none; vertical-align: baseline; white-space: pre-wrap;\">\u00a0\u00a0\u00a0\u00a0\u00a0\u00a0\u00a0\u00a0Lograr la identificaci\u00f3n y compromiso de los padres de familia con la educaci\u00f3n de sus hijos, practicando valores que reflejen el ideario de la instituci\u00f3n.<\/span><\/p><\/li><li dir=\"ltr\" style=\"list-style-type: disc; font-size: 12pt; font-family: Roboto, sans-serif; color: #6c6969; background-color: transparent; font-weight: 400; font-style: normal; font-variant-ligatures: normal; font-variant-caps: normal; font-variant-east-asian: normal; font-variant-position: normal; text-decoration: none; vertical-align: baseline; white-space: pre; margin-left: 54pt;\" aria-level=\"1\"><p dir=\"ltr\" style=\"line-height: 1.38; background-color: #ffffff; margin-top: 0pt; margin-bottom: 0pt; padding: 0pt 0pt 36pt;\" role=\"presentation\"><span style=\"font-size: 12pt; font-family: Roboto, sans-serif; color: #6c6969; background-color: transparent; font-weight: 400; font-style: normal; font-variant-ligatures: normal; font-variant-caps: normal; font-variant-east-asian: normal; font-variant-position: normal; text-decoration: none; vertical-align: baseline; white-space: pre-wrap;\">\u00a0\u00a0\u00a0\u00a0\u00a0\u00a0\u00a0\u00a0Promover la participaci\u00f3n comprometida de todos los miembros de la comunidad educativa en el mantenimiento y conservaci\u00f3n del mobiliario e infraestructura del Centro Educativo.<\/span><\/p><\/li><li dir=\"ltr\" style=\"list-style-type: disc; font-size: 12pt; font-family: Roboto, sans-serif; color: #6c6969; background-color: transparent; font-weight: 400; font-style: normal; font-variant-ligatures: normal; font-variant-caps: normal; font-variant-east-asian: normal; font-variant-position: normal; text-decoration: none; vertical-align: baseline; white-space: pre; margin-left: 54pt;\" aria-level=\"1\"><p dir=\"ltr\" style=\"line-height: 1.38; background-color: #ffffff; margin-top: 0pt; margin-bottom: 36pt;\" role=\"presentation\"><span style=\"font-size: 12pt; font-family: Roboto, sans-serif; color: #6c6969; background-color: transparent; font-weight: 400; font-style: normal; font-variant-ligatures: normal; font-variant-caps: normal; font-variant-east-asian: normal; font-variant-position: normal; text-decoration: none; vertical-align: baseline; white-space: pre-wrap;\">\u00a0\u00a0\u00a0\u00a0\u00a0\u00a0\u00a0\u00a0Lograr que el curr\u00edculo est\u00e9 basado en la formaci\u00f3n integral de la persona capaz de autoeducarse promoviendo las relaciones en democracia.<\/span><\/p><\/li><\/ul><\/div>\n\t\t\t\t<\/div>\n\t\t\t\t\t\t\t<div class=\"elementor-accordion-item\">\n\t\t\t\t\t<div id=\"elementor-tab-title-1372\" class=\"elementor-tab-title\" data-tab=\"2\" role=\"tab\" aria-controls=\"elementor-tab-content-1372\" aria-expanded=\"false\">\n\t\t\t\t\t\t\t\t\t\t\t\t\t<span class=\"elementor-accordion-icon elementor-accordion-icon-left\" aria-hidden=\"true\">\n\t\t\t\t\t\t\t\t\t\t\t\t\t\t\t<span class=\"elementor-accordion-icon-closed\"><i class=\"fas fa-plus\"><\/i><\/span>\n\t\t\t\t\t\t\t\t<span class=\"elementor-accordion-icon-opened\"><i class=\"fas fa-minus\"><\/i><\/span>\n\t\t\t\t\t\t\t\t\t\t\t\t\t\t<\/span>\n\t\t\t\t\t\t\t\t\t\t\t\t<a class=\"elementor-accordion-title\" href=\"\">MISI\u00d3N<\/a>\n\t\t\t\t\t<\/div>\n\t\t\t\t\t<div id=\"elementor-tab-content-1372\" class=\"elementor-tab-content elementor-clearfix\" data-tab=\"2\" role=\"tabpanel\" aria-labelledby=\"elementor-tab-title-1372\"><p><span style=\"font-weight: 400;\">El Colegio \u201cDIEGO THOMSON\u201d es una Instituci\u00f3n Educativa Particular, cuya misi\u00f3n es brindar a los ni\u00f1os y j\u00f3venes una educaci\u00f3n de excelencia, haciendo de ellos sujetos responsables, cr\u00edticos, creadores, abiertos al di\u00e1logo y capaces de lograr su auto aprendizaje.<\/span><\/p><p><b>MEDIANTE EL CUAL:<\/b><\/p><p><span style=\"font-weight: 400;\">1)\u00a0 Afirmamos y fortalecemos los valores de las familias que nos conf\u00edan a sus hijos.<\/span><\/p><p><span style=\"font-weight: 400;\">2)\u00a0 Promovemos el desarrollo bio-psico-social y espiritual de la persona.<\/span><\/p><p><span style=\"font-weight: 400;\">3)\u00a0 Incidimos en la formaci\u00f3n de la autodisciplina libre y responsable a partir de los principios de autoestima.<\/span><\/p><p><b>PARA LO CUAL:<\/b><\/p><p><span style=\"font-weight: 400;\">1)\u00a0 Contamos con un staff de Educadores en continua actualizaci\u00f3n pedag\u00f3gica.<\/span><\/p><p><span style=\"font-weight: 400;\">2)\u00a0 Asumimos una actitud responsable y decisiva con el educando.<\/span><\/p><p><span style=\"font-weight: 400;\">3)\u00a0 Brindamos un servicio psicopedag\u00f3gico permanente.<\/span><\/p><p><span style=\"font-weight: 400;\">4)\u00a0 Estimulamos una educaci\u00f3n de avanzada con nuestro lema \u201cSI SE PUEDE\u201d.<\/span><\/p><p><b>FOMENTANDO:<\/b><\/p><p><span style=\"font-weight: 400;\">El apoyo permanente de los Padres de familia en la tarea educativa.<\/span><\/p><p><br \/><br \/><br \/><\/p><\/div>\n\t\t\t\t<\/div>\n\t\t\t\t\t\t\t<div class=\"elementor-accordion-item\">\n\t\t\t\t\t<div id=\"elementor-tab-title-1373\" class=\"elementor-tab-title\" data-tab=\"3\" role=\"tab\" aria-controls=\"elementor-tab-content-1373\" aria-expanded=\"false\">\n\t\t\t\t\t\t\t\t\t\t\t\t\t<span class=\"elementor-accordion-icon elementor-accordion-icon-left\" aria-hidden=\"true\">\n\t\t\t\t\t\t\t\t\t\t\t\t\t\t\t<span class=\"elementor-accordion-icon-closed\"><i class=\"fas fa-plus\"><\/i><\/span>\n\t\t\t\t\t\t\t\t<span class=\"elementor-accordion-icon-opened\"><i class=\"fas fa-minus\"><\/i><\/span>\n\t\t\t\t\t\t\t\t\t\t\t\t\t\t<\/span>\n\t\t\t\t\t\t\t\t\t\t\t\t<a class=\"elementor-accordion-title\" href=\"\">VISI\u00d3N<\/a>\n\t\t\t\t\t<\/div>\n\t\t\t\t\t<div id=\"elementor-tab-content-1373\" class=\"elementor-tab-content elementor-clearfix\" data-tab=\"3\" role=\"tabpanel\" aria-labelledby=\"elementor-tab-title-1373\"><p><span style=\"font-weight: 400;\">Formar personas con calidad humana, ofreciendo una educaci\u00f3n basada en valores cristianos, autoestima y creatividad.<\/span><\/p><p><span style=\"font-weight: 400;\">\u00a0\u00a0\u00a0\u00a0\u00a0\u00a0\u00a0\u00a0\u00a0\u00a0\u00a0\u00a0<\/span><\/p><p><span style=\"font-weight: 400;\">Empleamos una metodolog\u00eda de avanzada, activa y participativa. Para ello, contamos con un staff de profesores, los cuales son capacitados en forma permanente y contamos con la activa participaci\u00f3n de los padres de familia.<\/span><\/p><p><br \/><br \/><br \/><\/p><\/div>\n\t\t\t\t<\/div>\n\t\t\t\t\t\t\t\t<\/div>\n\t\t\t\t<\/div>\n\t\t\t\t<\/div>\n\t\t\t\t\t<\/div>\n\t\t<\/div>\n\t\t\t\t\t\t\t<\/div>\n\t\t<\/section>\n\t\t\t\t\t\t<\/div>\n\t\t\t\t\t<\/div>\n\t\t","protected":false},"excerpt":{"rendered":"<p>NOSOSTROS Somos una instituci\u00f3n educativa privada con 17 a\u00f1os de experiencia en el rubro de la ense\u00f1anza y formaci\u00f3n escolar de nuestros estudiantes. Adem\u00e1s de impartir conocimientos y valores, nos preocupamos por el desarrollo humano, es por ello que nuestro m\u00e9todo de ense\u00f1anza mantiene los st\u00e1ndares educativos adem\u00e1s de nuestra constante actualizaci\u00f3n. Es por ello [&hellip;]<\/p>\n","protected":false},"author":1,"featured_media":0,"parent":0,"menu_order":0,"comment_status":"closed","ping_status":"closed","template":"templates\/template-full-notitle.php","meta":{"ngg_post_thumbnail":0,"footnotes":""},"class_list":["post-14","page","type-page","status-publish","hentry","post"],"_links":{"self":[{"href":"https:\/\/diegothomsonedu.com\/index.php?rest_route=\/wp\/v2\/pages\/14","targetHints":{"allow":["GET"]}}],"collection":[{"href":"https:\/\/diegothomsonedu.com\/index.php?rest_route=\/wp\/v2\/pages"}],"about":[{"href":"https:\/\/diegothomsonedu.com\/index.php?rest_route=\/wp\/v2\/types\/page"}],"author":[{"embeddable":true,"href":"https:\/\/diegothomsonedu.com\/index.php?rest_route=\/wp\/v2\/users\/1"}],"replies":[{"embeddable":true,"href":"https:\/\/diegothomsonedu.com\/index.php?rest_route=%2Fwp%2Fv2%2Fcomments&post=14"}],"version-history":[{"count":76,"href":"https:\/\/diegothomsonedu.com\/index.php?rest_route=\/wp\/v2\/pages\/14\/revisions"}],"predecessor-version":[{"id":423,"href":"https:\/\/diegothomsonedu.com\/index.php?rest_route=\/wp\/v2\/pages\/14\/revisions\/423"}],"wp:attachment":[{"href":"https:\/\/diegothomsonedu.com\/index.php?rest_route=%2Fwp%2Fv2%2Fmedia&parent=14"}],"curies":[{"name":"wp","href":"https:\/\/api.w.org\/{rel}","templated":true}]}}