{"id":19,"date":"2021-08-25T14:53:28","date_gmt":"2021-08-25T19:53:28","guid":{"rendered":"https:\/\/diegothomsonedu.com\/?page_id=19"},"modified":"2021-08-25T19:54:14","modified_gmt":"2021-08-26T00:54:14","slug":"metodologia","status":"publish","type":"page","link":"https:\/\/diegothomsonedu.com\/?page_id=19","title":{"rendered":"Metodolog\u00eda"},"content":{"rendered":"\t\t<div data-elementor-type=\"wp-page\" data-elementor-id=\"19\" class=\"elementor elementor-19\" data-elementor-settings=\"[]\">\n\t\t\t\t\t\t\t<div class=\"elementor-section-wrap\">\n\t\t\t\t\t\t\t<section class=\"elementor-section elementor-top-section elementor-element elementor-element-8a877de elementor-section-boxed elementor-section-height-default elementor-section-height-default\" data-id=\"8a877de\" data-element_type=\"section\">\n\t\t\t\t\t\t<div class=\"elementor-container elementor-column-gap-default\">\n\t\t\t\t\t<div class=\"elementor-column elementor-col-100 elementor-top-column elementor-element elementor-element-cf836a7\" data-id=\"cf836a7\" data-element_type=\"column\">\n\t\t\t<div class=\"elementor-widget-wrap elementor-element-populated\">\n\t\t\t\t\t\t\t\t<div class=\"elementor-element elementor-element-495738e elementor-widget elementor-widget-heading\" data-id=\"495738e\" data-element_type=\"widget\" data-widget_type=\"heading.default\">\n\t\t\t\t<div class=\"elementor-widget-container\">\n\t\t\t<h2 class=\"elementor-heading-title elementor-size-default\">METODOLOG\u00cdA<\/h2>\t\t<\/div>\n\t\t\t\t<\/div>\n\t\t\t\t\t<\/div>\n\t\t<\/div>\n\t\t\t\t\t\t\t<\/div>\n\t\t<\/section>\n\t\t\t\t<section class=\"elementor-section elementor-top-section elementor-element elementor-element-50cfc02 elementor-section-boxed elementor-section-height-default elementor-section-height-default\" data-id=\"50cfc02\" data-element_type=\"section\">\n\t\t\t\t\t\t<div class=\"elementor-container elementor-column-gap-default\">\n\t\t\t\t\t<div class=\"elementor-column elementor-col-50 elementor-top-column elementor-element elementor-element-d90c18b\" data-id=\"d90c18b\" data-element_type=\"column\">\n\t\t\t<div class=\"elementor-widget-wrap elementor-element-populated\">\n\t\t\t\t\t\t\t\t<div class=\"elementor-element elementor-element-7a210db elementor-widget elementor-widget-image\" data-id=\"7a210db\" data-element_type=\"widget\" data-widget_type=\"image.default\">\n\t\t\t\t<div class=\"elementor-widget-container\">\n\t\t\t\t\t\t\t\t\t\t\t\t\t\t\t<img loading=\"lazy\" decoding=\"async\" width=\"720\" height=\"449\" src=\"https:\/\/diegothomsonedu.com\/wp-content\/uploads\/2021\/08\/clases-distancia-CUARTOSCURO.jpg\" class=\"attachment-large size-large\" alt=\"\" \/>\t\t\t\t\t\t\t\t\t\t\t\t\t\t\t<\/div>\n\t\t\t\t<\/div>\n\t\t\t\t\t<\/div>\n\t\t<\/div>\n\t\t\t\t<div class=\"elementor-column elementor-col-50 elementor-top-column elementor-element elementor-element-2405744\" data-id=\"2405744\" data-element_type=\"column\">\n\t\t\t<div class=\"elementor-widget-wrap elementor-element-populated\">\n\t\t\t\t\t\t\t\t<div class=\"elementor-element elementor-element-0644054 elementor-widget elementor-widget-text-editor\" data-id=\"0644054\" data-element_type=\"widget\" data-widget_type=\"text-editor.default\">\n\t\t\t\t<div class=\"elementor-widget-container\">\n\t\t\t\t\t\t\t<p><span style=\"font-weight: 400;\">Enfatizamos nuestro mensaje en el nivel de ense\u00f1anza hacia nuestros estudiantes, la educaci\u00f3n con conocimientos, valores y creatividad hace que nuestro estudiantes puedan ser competitivos en un mundo globalizados.<\/span><\/p><p><span style=\"font-weight: 400;\">Con metodolog\u00eda de vanguardia, activa y sobretodo participativa.<\/span><\/p><p><span style=\"font-weight: 400;\">Por ello, contamos con un staff de profesores, los cuales son capacitados en forma permanente , adem\u00e1s de la activa participaci\u00f3n de los padres de familia.<\/span><\/p><ul><li style=\"font-weight: 400;\" aria-level=\"1\"><span style=\"font-weight: 400;\">El aprendizaje es m\u00e1s personalizado de acuerdo a las necesidades del alumno (a)<\/span><\/li><li style=\"font-weight: 400;\" aria-level=\"1\"><span style=\"font-weight: 400;\">Se estudia las materias a ritmo del alumno<\/span><\/li><li style=\"font-weight: 400;\" aria-level=\"1\"><span style=\"font-weight: 400;\">Se estudia de acuerdo al horario que convenga al ni\u00f1o y a la familia<\/span><\/li><li style=\"font-weight: 400;\" aria-level=\"1\"><span style=\"font-weight: 400;\">Se minimizan gastos extras, solo pensiones de ense\u00f1anza<\/span><\/li><li style=\"font-weight: 400;\" aria-level=\"1\"><span style=\"font-weight: 400;\">Atenci\u00f3n personalizada<\/span><\/li><li style=\"font-weight: 400;\" aria-level=\"1\"><span style=\"font-weight: 400;\">Precios: M\u00f3dicos al alcance de las familias<\/span><\/li><li style=\"font-weight: 400;\" aria-level=\"1\"><span style=\"font-weight: 400;\">\u00c1rea psicolog\u00eda<\/span><\/li><li style=\"font-weight: 400;\" aria-level=\"1\"><span style=\"font-weight: 400;\">Tutor\u00eda permanente<\/span><\/li><\/ul>\t\t\t\t\t\t<\/div>\n\t\t\t\t<\/div>\n\t\t\t\t\t<\/div>\n\t\t<\/div>\n\t\t\t\t\t\t\t<\/div>\n\t\t<\/section>\n\t\t\t\t\t\t<\/div>\n\t\t\t\t\t<\/div>\n\t\t","protected":false},"excerpt":{"rendered":"<p>METODOLOG\u00cdA Enfatizamos nuestro mensaje en el nivel de ense\u00f1anza hacia nuestros estudiantes, la educaci\u00f3n con conocimientos, valores y creatividad hace que nuestro estudiantes puedan ser competitivos en un mundo globalizados. Con metodolog\u00eda de vanguardia, activa y sobretodo participativa. Por ello, contamos con un staff de profesores, los cuales son capacitados en forma permanente , adem\u00e1s [&hellip;]<\/p>\n","protected":false},"author":1,"featured_media":0,"parent":0,"menu_order":0,"comment_status":"closed","ping_status":"closed","template":"elementor_header_footer","meta":{"ngg_post_thumbnail":0,"footnotes":""},"class_list":["post-19","page","type-page","status-publish","hentry","post"],"_links":{"self":[{"href":"https:\/\/diegothomsonedu.com\/index.php?rest_route=\/wp\/v2\/pages\/19","targetHints":{"allow":["GET"]}}],"collection":[{"href":"https:\/\/diegothomsonedu.com\/index.php?rest_route=\/wp\/v2\/pages"}],"about":[{"href":"https:\/\/diegothomsonedu.com\/index.php?rest_route=\/wp\/v2\/types\/page"}],"author":[{"embeddable":true,"href":"https:\/\/diegothomsonedu.com\/index.php?rest_route=\/wp\/v2\/users\/1"}],"replies":[{"embeddable":true,"href":"https:\/\/diegothomsonedu.com\/index.php?rest_route=%2Fwp%2Fv2%2Fcomments&post=19"}],"version-history":[{"count":5,"href":"https:\/\/diegothomsonedu.com\/index.php?rest_route=\/wp\/v2\/pages\/19\/revisions"}],"predecessor-version":[{"id":129,"href":"https:\/\/diegothomsonedu.com\/index.php?rest_route=\/wp\/v2\/pages\/19\/revisions\/129"}],"wp:attachment":[{"href":"https:\/\/diegothomsonedu.com\/index.php?rest_route=%2Fwp%2Fv2%2Fmedia&parent=19"}],"curies":[{"name":"wp","href":"https:\/\/api.w.org\/{rel}","templated":true}]}}