{"id":23,"date":"2021-08-25T14:54:03","date_gmt":"2021-08-25T19:54:03","guid":{"rendered":"https:\/\/diegothomsonedu.com\/?page_id=23"},"modified":"2021-08-26T08:51:33","modified_gmt":"2021-08-26T13:51:33","slug":"preguntas-frecuentes","status":"publish","type":"page","link":"https:\/\/diegothomsonedu.com\/?page_id=23","title":{"rendered":"Preguntas frecuentes"},"content":{"rendered":"\t\t<div data-elementor-type=\"wp-page\" data-elementor-id=\"23\" class=\"elementor elementor-23\" data-elementor-settings=\"[]\">\n\t\t\t\t\t\t\t<div class=\"elementor-section-wrap\">\n\t\t\t\t\t\t\t<section class=\"elementor-section elementor-top-section elementor-element elementor-element-3fb1a238 elementor-section-full_width elementor-section-height-min-height elementor-section-stretched elementor-section-height-default elementor-section-items-middle\" data-id=\"3fb1a238\" data-element_type=\"section\" data-settings=\"{&quot;stretch_section&quot;:&quot;section-stretched&quot;,&quot;background_background&quot;:&quot;classic&quot;}\">\n\t\t\t\t\t\t<div class=\"elementor-container elementor-column-gap-default\">\n\t\t\t\t\t<div class=\"elementor-column elementor-col-100 elementor-top-column elementor-element elementor-element-77c36604\" data-id=\"77c36604\" data-element_type=\"column\">\n\t\t\t<div class=\"elementor-widget-wrap elementor-element-populated\">\n\t\t\t\t\t\t\t\t<div class=\"elementor-element elementor-element-6a3b241 elementor-widget elementor-widget-heading\" data-id=\"6a3b241\" data-element_type=\"widget\" data-widget_type=\"heading.default\">\n\t\t\t\t<div class=\"elementor-widget-container\">\n\t\t\t<h2 class=\"elementor-heading-title elementor-size-default\">Preguntas frecuentes\n<\/h2>\t\t<\/div>\n\t\t\t\t<\/div>\n\t\t\t\t<div class=\"elementor-element elementor-element-285c4846 elementor-widget elementor-widget-text-editor\" data-id=\"285c4846\" data-element_type=\"widget\" data-widget_type=\"text-editor.default\">\n\t\t\t\t<div class=\"elementor-widget-container\">\n\t\t\t\t\t\t\t<p><span style=\"font-weight: 400;\">Nuestra Direcci\u00f3n est\u00e1 conformada por profesionales con basta experiencia, comprometidos con la educaci\u00f3n.<\/span><\/p>\t\t\t\t\t\t<\/div>\n\t\t\t\t<\/div>\n\t\t\t\t<div class=\"elementor-element elementor-element-150cf3f8 elementor-view-default elementor-widget elementor-widget-icon\" data-id=\"150cf3f8\" data-element_type=\"widget\" data-widget_type=\"icon.default\">\n\t\t\t\t<div class=\"elementor-widget-container\">\n\t\t\t\t\t<div class=\"elementor-icon-wrapper\">\n\t\t\t<div class=\"elementor-icon\">\n\t\t\t<i aria-hidden=\"true\" class=\"fas fa-question\"><\/i>\t\t\t<\/div>\n\t\t<\/div>\n\t\t\t\t<\/div>\n\t\t\t\t<\/div>\n\t\t\t\t\t<\/div>\n\t\t<\/div>\n\t\t\t\t\t\t\t<\/div>\n\t\t<\/section>\n\t\t\t\t<section class=\"elementor-section elementor-top-section elementor-element elementor-element-e71225d elementor-section-boxed elementor-section-height-default elementor-section-height-default\" data-id=\"e71225d\" data-element_type=\"section\">\n\t\t\t\t\t\t<div class=\"elementor-container elementor-column-gap-default\">\n\t\t\t\t\t<div class=\"elementor-column elementor-col-33 elementor-top-column elementor-element elementor-element-9e61d41\" data-id=\"9e61d41\" data-element_type=\"column\">\n\t\t\t<div class=\"elementor-widget-wrap\">\n\t\t\t\t\t\t\t\t\t<\/div>\n\t\t<\/div>\n\t\t\t\t<div class=\"elementor-column elementor-col-33 elementor-top-column elementor-element elementor-element-45893e5\" data-id=\"45893e5\" data-element_type=\"column\">\n\t\t\t<div class=\"elementor-widget-wrap elementor-element-populated\">\n\t\t\t\t\t\t\t\t<div class=\"elementor-element elementor-element-2cbc9fe elementor-widget elementor-widget-text-editor\" data-id=\"2cbc9fe\" data-element_type=\"widget\" data-widget_type=\"text-editor.default\">\n\t\t\t\t<div class=\"elementor-widget-container\">\n\t\t\t\t\t\t\t<h1><span style=\"color: #000080;\"><b>Preguntas frecuentes<\/b><\/span><\/h1><p><span style=\"font-weight: 400;\">Nuestra Direcci\u00f3n est\u00e1 conformada por profesionales con basta experiencia, comprometidos con la educaci\u00f3n.<\/span><\/p><p><span style=\"font-weight: 400;\">\u00a1Todos desde el mismo lado de la cancha apoyaremos mejor a sus hijos!\u00a0<\/span><\/p><p><span style=\"font-weight: 400;\">Formaci\u00f3n Integral con Valores Cristianos para la vida<\/span><\/p><p><span style=\"color: #333399;\"><span style=\"font-weight: 400;\">1.-<\/span><b>\u00a0 \u00bfQu\u00e9 edad deben tener los ni\u00f1os para matricularse en inicial?<\/b><\/span><\/p><p><span style=\"font-weight: 400;\">Los grados del nivel Inicial son para ni\u00f1os de 3, 4 y 5 a\u00f1os.<\/span><\/p><p><span style=\"font-weight: 400;\">Los ni\u00f1os que van a matricularse, por ejemplo, en Inicial de 3 a\u00f1os deben cumplir 3 a\u00f1os, como m\u00e1ximo, el 31 de marzo del<\/span><\/p><p><span style=\"font-weight: 400;\">a\u00f1o en curso. De igual modo con los de 4 y 5 a\u00f1os.<\/span><\/p><p><span style=\"font-weight: 400;\">\u00a0<\/span><\/p><p><span style=\"color: #333399;\"><b>2.- \u00bfQu\u00e9 edad deben tener los ni\u00f1os que van a matricularse en 1\u00ba<\/b> <b>grado de Primaria?<\/b><\/span><\/p><p><span style=\"font-weight: 400;\">Los ni\u00f1os que van a matricularse en 1\u00ba grado de Primaria deben cumplir 6 a\u00f1os, como m\u00e1ximo, el 31 de marzo del a\u00f1o en curso.<\/span><\/p><p><span style=\"font-weight: 400;\">\u00a0<\/span><\/p><p><span style=\"color: #333399;\"><b>3.-\u00a0 \u00bfDesde qu\u00e9 hora est\u00e1 abierto el colegio para poder dejar a mi<\/b> <b>hijo(a)?<\/b><\/span><\/p><p><span style=\"font-weight: 400;\">El colegio est\u00e1 abierto desde las 7:30 a.m.<\/span><\/p><p><span style=\"font-weight: 400;\">\u00a0<\/span><\/p><p><span style=\"color: #333399;\"><b>4.- \u00bfSi pienso matricular a mis dos hijos (o m\u00e1s) tengo alg\u00fan<\/b> <b>descuento?<\/b><\/span><\/p><p><span style=\"font-weight: 400;\">Se podr\u00eda otorgar un descuento. Para esto es necesario que el Padre de familia env\u00ede una solicitud a la Direcci\u00f3n del colegio para evaluar su caso particular. Las \u00fanicas fechas para presentar dichas solicitudes son: del 15 de diciembre al 15 de enero. Los resultados se entregan el 30 de enero. Tambi\u00e9n se podr\u00e1 otorgar descuentos por excelencia acad\u00e9mica (primeros puestos).<\/span><\/p><p><span style=\"font-weight: 400;\">\u00a0<\/span><\/p><p><span style=\"color: #333399;\"><b>5.- \u00bfLas actividades extracurriculares, como talleres y deportes, tienen un costo adicional?<\/b><\/span><\/p><p><span style=\"font-weight: 400;\">No. En D.T. no cobran ning\u00fan monto adicional a los derechos de admisi\u00f3n y las 10 pensiones mensuales.<\/span><\/p><p><span style=\"font-weight: 400;\">\u00a0<\/span><\/p><p><span style=\"color: #333399;\"><span style=\"font-weight: 400;\">6.- <\/span><b>\u00bfExiste alg\u00fan descuento si se pagan las 10 pensiones del a\u00f1o al<\/b> <b>contado?<\/b><\/span><\/p><p><span style=\"font-weight: 400;\">S\u00ed. El descuento es 20% de la \u00daLTIMA pensi\u00f3n mensual (Diciembre).<\/span><\/p><h4>\u00a0<\/h4>\t\t\t\t\t\t<\/div>\n\t\t\t\t<\/div>\n\t\t\t\t\t<\/div>\n\t\t<\/div>\n\t\t\t\t<div class=\"elementor-column elementor-col-33 elementor-top-column elementor-element elementor-element-dbe8d69\" data-id=\"dbe8d69\" data-element_type=\"column\">\n\t\t\t<div class=\"elementor-widget-wrap\">\n\t\t\t\t\t\t\t\t\t<\/div>\n\t\t<\/div>\n\t\t\t\t\t\t\t<\/div>\n\t\t<\/section>\n\t\t\t\t<section class=\"elementor-section elementor-top-section elementor-element elementor-element-3c9690e elementor-section-boxed elementor-section-height-default elementor-section-height-default\" data-id=\"3c9690e\" data-element_type=\"section\" data-settings=\"{&quot;background_background&quot;:&quot;classic&quot;,&quot;shape_divider_top&quot;:&quot;split&quot;}\">\n\t\t\t\t\t<div class=\"elementor-shape elementor-shape-top\" data-negative=\"false\">\n\t\t\t<svg xmlns=\"http:\/\/www.w3.org\/2000\/svg\" viewBox=\"0 0 1000 20\" preserveAspectRatio=\"none\">\n\t<path class=\"elementor-shape-fill\" d=\"M0,0v3c0,0,393.8,0,483.4,0c9.2,0,16.6,7.4,16.6,16.6c0-9.1,7.4-16.6,16.6-16.6C606.2,3,1000,3,1000,3V0H0z\"\/>\n<\/svg>\t\t<\/div>\n\t\t\t\t\t<div class=\"elementor-container elementor-column-gap-default\">\n\t\t\t\t\t<div class=\"elementor-column elementor-col-100 elementor-top-column elementor-element elementor-element-d126354\" data-id=\"d126354\" data-element_type=\"column\">\n\t\t\t<div class=\"elementor-widget-wrap elementor-element-populated\">\n\t\t\t\t\t\t\t\t<div class=\"elementor-element elementor-element-ec98e3c elementor-widget elementor-widget-text-editor\" data-id=\"ec98e3c\" data-element_type=\"widget\" data-widget_type=\"text-editor.default\">\n\t\t\t\t<div class=\"elementor-widget-container\">\n\t\t\t\t\t\t\t<h4 style=\"text-align: center;\"><span style=\"color: #ffffff;\"><b>\u00a1Te exigimos m\u00e1s! M\u00e9todo Formativo Acad\u00e9mico Cada ni\u00f1o (a) que ingresa a nuestra Instituci\u00f3n es importante para nosotros porque los vemos crecer, los vemos aprender, los vemos apreciar el significado de la vida futura.<\/b><\/span><\/h4>\t\t\t\t\t\t<\/div>\n\t\t\t\t<\/div>\n\t\t\t\t\t<\/div>\n\t\t<\/div>\n\t\t\t\t\t\t\t<\/div>\n\t\t<\/section>\n\t\t\t\t\t\t<\/div>\n\t\t\t\t\t<\/div>\n\t\t","protected":false},"excerpt":{"rendered":"<p>Preguntas frecuentes Nuestra Direcci\u00f3n est\u00e1 conformada por profesionales con basta experiencia, comprometidos con la educaci\u00f3n. Preguntas frecuentes Nuestra Direcci\u00f3n est\u00e1 conformada por profesionales con basta experiencia, comprometidos con la educaci\u00f3n. \u00a1Todos desde el mismo lado de la cancha apoyaremos mejor a sus hijos!\u00a0 Formaci\u00f3n Integral con Valores Cristianos para la vida 1.-\u00a0 \u00bfQu\u00e9 edad deben [&hellip;]<\/p>\n","protected":false},"author":1,"featured_media":0,"parent":0,"menu_order":0,"comment_status":"closed","ping_status":"closed","template":"","meta":{"ngg_post_thumbnail":0,"footnotes":""},"class_list":["post-23","page","type-page","status-publish","hentry","post"],"_links":{"self":[{"href":"https:\/\/diegothomsonedu.com\/index.php?rest_route=\/wp\/v2\/pages\/23","targetHints":{"allow":["GET"]}}],"collection":[{"href":"https:\/\/diegothomsonedu.com\/index.php?rest_route=\/wp\/v2\/pages"}],"about":[{"href":"https:\/\/diegothomsonedu.com\/index.php?rest_route=\/wp\/v2\/types\/page"}],"author":[{"embeddable":true,"href":"https:\/\/diegothomsonedu.com\/index.php?rest_route=\/wp\/v2\/users\/1"}],"replies":[{"embeddable":true,"href":"https:\/\/diegothomsonedu.com\/index.php?rest_route=%2Fwp%2Fv2%2Fcomments&post=23"}],"version-history":[{"count":16,"href":"https:\/\/diegothomsonedu.com\/index.php?rest_route=\/wp\/v2\/pages\/23\/revisions"}],"predecessor-version":[{"id":197,"href":"https:\/\/diegothomsonedu.com\/index.php?rest_route=\/wp\/v2\/pages\/23\/revisions\/197"}],"wp:attachment":[{"href":"https:\/\/diegothomsonedu.com\/index.php?rest_route=%2Fwp%2Fv2%2Fmedia&parent=23"}],"curies":[{"name":"wp","href":"https:\/\/api.w.org\/{rel}","templated":true}]}}